{"id":12,"date":"2025-12-31T13:02:00","date_gmt":"2025-12-31T13:02:00","guid":{"rendered":"https:\/\/carroceriasaraba.rkinformatika.online\/?page_id=12"},"modified":"2026-01-27T17:20:42","modified_gmt":"2026-01-27T17:20:42","slug":"servicios","status":"publish","type":"page","link":"https:\/\/carroceriasaraba.com\/eu\/servicios\/","title":{"rendered":"Zerbitzuak"},"content":{"rendered":"<div data-elementor-type=\"wp-page\" data-elementor-id=\"12\" class=\"elementor elementor-12\" data-elementor-post-type=\"page\">\n\t\t\t\t<div class=\"elementor-element elementor-element-5ef035c e-con-full e-flex e-con e-parent\" data-id=\"5ef035c\" data-element_type=\"container\" data-e-type=\"container\" data-settings=\"{&quot;background_background&quot;:&quot;classic&quot;}\">\n\t\t<div class=\"elementor-element elementor-element-3fc4a84 e-con-full e-flex e-con e-child\" data-id=\"3fc4a84\" data-element_type=\"container\" data-e-type=\"container\" data-settings=\"{&quot;background_background&quot;:&quot;classic&quot;}\">\n\t\t<div class=\"elementor-element elementor-element-f00ce52 e-con-full e-flex e-con e-child\" data-id=\"f00ce52\" data-element_type=\"container\" data-e-type=\"container\" data-settings=\"{&quot;background_background&quot;:&quot;classic&quot;}\">\n\t\t\t\t<div class=\"elementor-element elementor-element-60c2fcd elementor-widget elementor-widget-heading\" data-id=\"60c2fcd\" data-element_type=\"widget\" data-e-type=\"widget\" data-widget_type=\"heading.default\">\n\t\t\t\t\t<h2 class=\"elementor-heading-title elementor-size-default\">NuestrOS SERVICIOS<\/h2>\t\t\t\t<\/div>\n\t\t\t\t<\/div>\n\t\t<div class=\"elementor-element elementor-element-32bbca3 e-con-full e-flex e-con e-child\" data-id=\"32bbca3\" data-element_type=\"container\" data-e-type=\"container\" data-settings=\"{&quot;background_background&quot;:&quot;classic&quot;}\">\n\t\t<div class=\"elementor-element elementor-element-a335dbb e-con-full e-flex e-con e-child\" data-id=\"a335dbb\" data-element_type=\"container\" data-e-type=\"container\">\n\t\t<div class=\"elementor-element elementor-element-bfeab65 e-grid e-con-full e-con e-child\" data-id=\"bfeab65\" data-element_type=\"container\" data-e-type=\"container\">\n\t\t<div class=\"elementor-element elementor-element-7b3d1cc e-con-full e-flex e-con e-child\" data-id=\"7b3d1cc\" data-element_type=\"container\" data-e-type=\"container\" data-settings=\"{&quot;background_background&quot;:&quot;classic&quot;}\">\n\t\t<div class=\"elementor-element elementor-element-928f42a e-con-full e-flex e-con e-child\" data-id=\"928f42a\" data-element_type=\"container\" data-e-type=\"container\" data-settings=\"{&quot;background_background&quot;:&quot;classic&quot;}\">\n\t\t\t\t<\/div>\n\t\t<div class=\"elementor-element elementor-element-c62bd05 e-con-full e-flex e-con e-child\" data-id=\"c62bd05\" data-element_type=\"container\" data-e-type=\"container\" data-settings=\"{&quot;background_background&quot;:&quot;classic&quot;}\">\n\t\t\t\t<div class=\"elementor-element elementor-element-5645d60 elementor-widget elementor-widget-heading\" data-id=\"5645d60\" data-element_type=\"widget\" data-e-type=\"widget\" data-widget_type=\"heading.default\">\n\t\t\t\t\t<h2 class=\"elementor-heading-title elementor-size-default\">Chapa y Pintura<\/h2>\t\t\t\t<\/div>\n\t\t\t\t<div class=\"elementor-element elementor-element-eecefef elementor-widget elementor-widget-text-editor\" data-id=\"eecefef\" data-element_type=\"widget\" data-e-type=\"widget\" data-widget_type=\"text-editor.default\">\n\t\t\t\t\t\t\t\t\t<p>Reparaci\u00f3n de golpes, ara\u00f1azos y da\u00f1os en la carrocer\u00eda con acabados precisos y duraderos.<\/p>\t\t\t\t\t\t\t\t<\/div>\n\t\t\t\t<\/div>\n\t\t\t\t<\/div>\n\t\t<div class=\"elementor-element elementor-element-cd1a14e e-con-full e-flex e-con e-child\" data-id=\"cd1a14e\" data-element_type=\"container\" data-e-type=\"container\" data-settings=\"{&quot;background_background&quot;:&quot;classic&quot;}\">\n\t\t<div class=\"elementor-element elementor-element-15859a6 e-con-full e-flex e-con e-child\" data-id=\"15859a6\" data-element_type=\"container\" data-e-type=\"container\" data-settings=\"{&quot;background_background&quot;:&quot;classic&quot;}\">\n\t\t\t\t<\/div>\n\t\t<div class=\"elementor-element elementor-element-5df4e30 e-con-full e-flex e-con e-child\" data-id=\"5df4e30\" data-element_type=\"container\" data-e-type=\"container\" data-settings=\"{&quot;background_background&quot;:&quot;classic&quot;}\">\n\t\t\t\t<div class=\"elementor-element elementor-element-dafa332 elementor-widget elementor-widget-heading\" data-id=\"dafa332\" data-element_type=\"widget\" data-e-type=\"widget\" data-widget_type=\"heading.default\">\n\t\t\t\t\t<h2 class=\"elementor-heading-title elementor-size-default\">Pintura Completa y Parcial<\/h2>\t\t\t\t<\/div>\n\t\t\t\t<div class=\"elementor-element elementor-element-690c5dd elementor-widget elementor-widget-text-editor\" data-id=\"690c5dd\" data-element_type=\"widget\" data-e-type=\"widget\" data-widget_type=\"text-editor.default\">\n\t\t\t\t\t\t\t\t\t<p data-start=\"459\" data-end=\"544\">Pintura integral o parcial del veh\u00edculo utilizando productos de alta calidad y cabinas especializadas.<\/p>\t\t\t\t\t\t\t\t<\/div>\n\t\t\t\t<\/div>\n\t\t\t\t<\/div>\n\t\t<div class=\"elementor-element elementor-element-fc291a9 e-con-full e-flex e-con e-child\" data-id=\"fc291a9\" data-element_type=\"container\" data-e-type=\"container\" data-settings=\"{&quot;background_background&quot;:&quot;classic&quot;}\">\n\t\t<div class=\"elementor-element elementor-element-efc876f e-con-full e-flex e-con e-child\" data-id=\"efc876f\" data-element_type=\"container\" data-e-type=\"container\" data-settings=\"{&quot;background_background&quot;:&quot;classic&quot;}\">\n\t\t\t\t<\/div>\n\t\t<div class=\"elementor-element elementor-element-c6aed5a e-con-full e-flex e-con e-child\" data-id=\"c6aed5a\" data-element_type=\"container\" data-e-type=\"container\" data-settings=\"{&quot;background_background&quot;:&quot;classic&quot;}\">\n\t\t\t\t<div class=\"elementor-element elementor-element-a387511 elementor-widget elementor-widget-heading\" data-id=\"a387511\" data-element_type=\"widget\" data-e-type=\"widget\" data-widget_type=\"heading.default\">\n\t\t\t\t\t<h2 class=\"elementor-heading-title elementor-size-default\">Sustituci\u00f3n de Lunas<\/h2>\t\t\t\t<\/div>\n\t\t\t\t<div class=\"elementor-element elementor-element-78ef0a3 elementor-widget elementor-widget-text-editor\" data-id=\"78ef0a3\" data-element_type=\"widget\" data-e-type=\"widget\" data-widget_type=\"text-editor.default\">\n\t\t\t\t\t\t\t\t\t<p>Cambio de parabrisas y lunas con total seguridad y ajuste perfecto.<\/p>\t\t\t\t\t\t\t\t<\/div>\n\t\t\t\t<\/div>\n\t\t\t\t<\/div>\n\t\t<div class=\"elementor-element elementor-element-cf6fec2 e-con-full e-flex e-con e-child\" data-id=\"cf6fec2\" data-element_type=\"container\" data-e-type=\"container\" data-settings=\"{&quot;background_background&quot;:&quot;classic&quot;}\">\n\t\t<div class=\"elementor-element elementor-element-cfbe1ef e-con-full e-flex e-con e-child\" data-id=\"cfbe1ef\" data-element_type=\"container\" data-e-type=\"container\" data-settings=\"{&quot;background_background&quot;:&quot;classic&quot;}\">\n\t\t\t\t<\/div>\n\t\t<div class=\"elementor-element elementor-element-1cef283 e-con-full e-flex e-con e-child\" data-id=\"1cef283\" data-element_type=\"container\" data-e-type=\"container\" data-settings=\"{&quot;background_background&quot;:&quot;classic&quot;}\">\n\t\t\t\t<div class=\"elementor-element elementor-element-c43c1a2 elementor-widget elementor-widget-heading\" data-id=\"c43c1a2\" data-element_type=\"widget\" data-e-type=\"widget\" data-widget_type=\"heading.default\">\n\t\t\t\t\t<h2 class=\"elementor-heading-title elementor-size-default\">Restauraci\u00f3n de Faros<\/h2>\t\t\t\t<\/div>\n\t\t\t\t<div class=\"elementor-element elementor-element-64f5517 elementor-widget elementor-widget-text-editor\" data-id=\"64f5517\" data-element_type=\"widget\" data-e-type=\"widget\" data-widget_type=\"text-editor.default\">\n\t\t\t\t\t\t\t\t\t<p data-start=\"1138\" data-end=\"1220\">\u00a0<\/p><p data-start=\"1036\" data-end=\"1136\">Recuperamos la transparencia y brillo de tus faros para mejorar visibilidad y seguridad.<\/p>\t\t\t\t\t\t\t\t<\/div>\n\t\t\t\t<\/div>\n\t\t\t\t<\/div>\n\t\t<div class=\"elementor-element elementor-element-7996f1b e-con-full e-flex e-con e-child\" data-id=\"7996f1b\" data-element_type=\"container\" data-e-type=\"container\" data-settings=\"{&quot;background_background&quot;:&quot;classic&quot;}\">\n\t\t<div class=\"elementor-element elementor-element-4b290ca e-con-full e-flex e-con e-child\" data-id=\"4b290ca\" data-element_type=\"container\" data-e-type=\"container\" data-settings=\"{&quot;background_background&quot;:&quot;classic&quot;}\">\n\t\t\t\t<\/div>\n\t\t<div class=\"elementor-element elementor-element-9b86595 e-con-full e-flex e-con e-child\" data-id=\"9b86595\" data-element_type=\"container\" data-e-type=\"container\" data-settings=\"{&quot;background_background&quot;:&quot;classic&quot;}\">\n\t\t\t\t<div class=\"elementor-element elementor-element-95338a8 elementor-widget elementor-widget-heading\" data-id=\"95338a8\" data-element_type=\"widget\" data-e-type=\"widget\" data-widget_type=\"heading.default\">\n\t\t\t\t\t<h2 class=\"elementor-heading-title elementor-size-default\">Reparaci\u00f3n de Llantas<\/h2>\t\t\t\t<\/div>\n\t\t\t\t<div class=\"elementor-element elementor-element-2a04464 elementor-widget elementor-widget-text-editor\" data-id=\"2a04464\" data-element_type=\"widget\" data-e-type=\"widget\" data-widget_type=\"text-editor.default\">\n\t\t\t\t\t\t\t\t\t<p data-start=\"1341\" data-end=\"1440\">\u00a0<\/p><p data-start=\"1257\" data-end=\"1339\">Reparaci\u00f3n est\u00e9tica y funcional de llantas da\u00f1adas por golpes o roces.<\/p>\t\t\t\t\t\t\t\t<\/div>\n\t\t\t\t<\/div>\n\t\t\t\t<\/div>\n\t\t<div class=\"elementor-element elementor-element-e5e16ab e-con-full e-flex e-con e-child\" data-id=\"e5e16ab\" data-element_type=\"container\" data-e-type=\"container\" data-settings=\"{&quot;background_background&quot;:&quot;classic&quot;}\">\n\t\t<div class=\"elementor-element elementor-element-99cc80a e-con-full e-flex e-con e-child\" data-id=\"99cc80a\" data-element_type=\"container\" data-e-type=\"container\" data-settings=\"{&quot;background_background&quot;:&quot;classic&quot;}\">\n\t\t\t\t<\/div>\n\t\t<div class=\"elementor-element elementor-element-704ebc1 e-con-full e-flex e-con e-child\" data-id=\"704ebc1\" data-element_type=\"container\" data-e-type=\"container\" data-settings=\"{&quot;background_background&quot;:&quot;classic&quot;}\">\n\t\t\t\t<div class=\"elementor-element elementor-element-fdf4662 elementor-widget elementor-widget-heading\" data-id=\"fdf4662\" data-element_type=\"widget\" data-e-type=\"widget\" data-widget_type=\"heading.default\">\n\t\t\t\t\t<h2 class=\"elementor-heading-title elementor-size-default\">Pulido y Acabados<\/h2>\t\t\t\t<\/div>\n\t\t\t\t<div class=\"elementor-element elementor-element-fd70a2e elementor-widget elementor-widget-text-editor\" data-id=\"fd70a2e\" data-element_type=\"widget\" data-e-type=\"widget\" data-widget_type=\"text-editor.default\">\n\t\t\t\t\t\t\t\t\t<p data-start=\"1577\" data-end=\"1663\">\u00a0<\/p><p data-start=\"1473\" data-end=\"1575\">Pulido profesional para eliminar microara\u00f1azos y devolver el brillo original a la pintura.<\/p>\t\t\t\t\t\t\t\t<\/div>\n\t\t\t\t<\/div>\n\t\t\t\t<\/div>\n\t\t\t\t<\/div>\n\t\t\t\t<\/div>\n\t\t\t\t<\/div>\n\t\t\t\t<\/div>\n\t\t\t\t<\/div>\n\t\t<div class=\"elementor-element elementor-element-b1a7e0e e-flex e-con-boxed e-con e-parent\" data-id=\"b1a7e0e\" data-element_type=\"container\" data-e-type=\"container\" data-settings=\"{&quot;background_background&quot;:&quot;classic&quot;}\">\n\t\t\t\t\t<div class=\"e-con-inner\">\n\t\t\t\t\t<\/div>\n\t\t\t\t<\/div>\n\t\t\t\t<\/div>","protected":false},"excerpt":{"rendered":"<p>NuestrOS SERVICIOS Chapa y Pintura Reparaci\u00f3n de golpes, ara\u00f1azos y da\u00f1os en la carrocer\u00eda con acabados precisos y duraderos. Pintura Completa y Parcial Pintura integral o parcial del veh\u00edculo utilizando productos de alta calidad y cabinas especializadas. Sustituci\u00f3n de Lunas Cambio de parabrisas y lunas con total seguridad y ajuste perfecto. Restauraci\u00f3n de Faros \u00a0 [&hellip;]<\/p>\n","protected":false},"author":1,"featured_media":0,"parent":0,"menu_order":0,"comment_status":"closed","ping_status":"closed","template":"elementor_canvas","meta":{"footnotes":""},"class_list":["post-12","page","type-page","status-publish","hentry"],"yoast_head":"<!-- This site is optimized with the Yoast SEO plugin v27.4 - https:\/\/yoast.com\/product\/yoast-seo-wordpress\/ -->\n<title>Servicios - Carroceria Saraba<\/title>\n<meta name=\"robots\" content=\"index, follow, max-snippet:-1, max-image-preview:large, max-video-preview:-1\" \/>\n<link rel=\"canonical\" href=\"https:\/\/carroceriasaraba.com\/eu\/servicios\/\" \/>\n<meta property=\"og:locale\" content=\"en_US\" \/>\n<meta property=\"og:type\" content=\"article\" \/>\n<meta property=\"og:title\" content=\"Servicios - Carroceria Saraba\" \/>\n<meta property=\"og:description\" content=\"NuestrOS SERVICIOS Chapa y Pintura Reparaci\u00f3n de golpes, ara\u00f1azos y da\u00f1os en la carrocer\u00eda con acabados precisos y duraderos. Pintura Completa y Parcial Pintura integral o parcial del veh\u00edculo utilizando productos de alta calidad y cabinas especializadas. Sustituci\u00f3n de Lunas Cambio de parabrisas y lunas con total seguridad y ajuste perfecto. Restauraci\u00f3n de Faros \u00a0 [&hellip;]\" \/>\n<meta property=\"og:url\" content=\"https:\/\/carroceriasaraba.com\/eu\/servicios\/\" \/>\n<meta property=\"og:site_name\" content=\"Carroceria Saraba\" \/>\n<meta property=\"article:modified_time\" content=\"2026-01-27T17:20:42+00:00\" \/>\n<meta name=\"twitter:card\" content=\"summary_large_image\" \/>\n<meta name=\"twitter:label1\" content=\"Est. reading time\" \/>\n\t<meta name=\"twitter:data1\" content=\"1 minutua\" \/>\n<script type=\"application\/ld+json\" class=\"yoast-schema-graph\">{\"@context\":\"https:\\\/\\\/schema.org\",\"@graph\":[{\"@type\":\"WebPage\",\"@id\":\"https:\\\/\\\/carroceriasaraba.com\\\/servicios\\\/\",\"url\":\"https:\\\/\\\/carroceriasaraba.com\\\/servicios\\\/\",\"name\":\"Servicios - Carroceria Saraba\",\"isPartOf\":{\"@id\":\"https:\\\/\\\/carroceriasaraba.com\\\/#website\"},\"datePublished\":\"2025-12-31T13:02:00+00:00\",\"dateModified\":\"2026-01-27T17:20:42+00:00\",\"breadcrumb\":{\"@id\":\"https:\\\/\\\/carroceriasaraba.com\\\/servicios\\\/#breadcrumb\"},\"inLanguage\":\"eu\",\"potentialAction\":[{\"@type\":\"ReadAction\",\"target\":[\"https:\\\/\\\/carroceriasaraba.com\\\/servicios\\\/\"]}]},{\"@type\":\"BreadcrumbList\",\"@id\":\"https:\\\/\\\/carroceriasaraba.com\\\/servicios\\\/#breadcrumb\",\"itemListElement\":[{\"@type\":\"ListItem\",\"position\":1,\"name\":\"Portada\",\"item\":\"https:\\\/\\\/carroceriasaraba.com\\\/\"},{\"@type\":\"ListItem\",\"position\":2,\"name\":\"Servicios\"}]},{\"@type\":\"WebSite\",\"@id\":\"https:\\\/\\\/carroceriasaraba.com\\\/#website\",\"url\":\"https:\\\/\\\/carroceriasaraba.com\\\/\",\"name\":\"Carroceria Saraba\",\"description\":\"\",\"publisher\":{\"@id\":\"https:\\\/\\\/carroceriasaraba.com\\\/#organization\"},\"potentialAction\":[{\"@type\":\"SearchAction\",\"target\":{\"@type\":\"EntryPoint\",\"urlTemplate\":\"https:\\\/\\\/carroceriasaraba.com\\\/?s={search_term_string}\"},\"query-input\":{\"@type\":\"PropertyValueSpecification\",\"valueRequired\":true,\"valueName\":\"search_term_string\"}}],\"inLanguage\":\"eu\"},{\"@type\":\"Organization\",\"@id\":\"https:\\\/\\\/carroceriasaraba.com\\\/#organization\",\"name\":\"Carroceria Saraba\",\"url\":\"https:\\\/\\\/carroceriasaraba.com\\\/\",\"logo\":{\"@type\":\"ImageObject\",\"inLanguage\":\"eu\",\"@id\":\"https:\\\/\\\/carroceriasaraba.com\\\/#\\\/schema\\\/logo\\\/image\\\/\",\"url\":\"https:\\\/\\\/carroceriasaraba.com\\\/wp-content\\\/uploads\\\/2026\\\/01\\\/cropped-aranaquevedoandoitz202511_logo_web.png\",\"contentUrl\":\"https:\\\/\\\/carroceriasaraba.com\\\/wp-content\\\/uploads\\\/2026\\\/01\\\/cropped-aranaquevedoandoitz202511_logo_web.png\",\"width\":1080,\"height\":278,\"caption\":\"Carroceria Saraba\"},\"image\":{\"@id\":\"https:\\\/\\\/carroceriasaraba.com\\\/#\\\/schema\\\/logo\\\/image\\\/\"}}]}<\/script>\n<!-- \/ Yoast SEO plugin. -->","yoast_head_json":{"title":"Servicios - Carroceria Saraba","robots":{"index":"index","follow":"follow","max-snippet":"max-snippet:-1","max-image-preview":"max-image-preview:large","max-video-preview":"max-video-preview:-1"},"canonical":"https:\/\/carroceriasaraba.com\/eu\/servicios\/","og_locale":"en_US","og_type":"article","og_title":"Servicios - Carroceria Saraba","og_description":"NuestrOS SERVICIOS Chapa y Pintura Reparaci\u00f3n de golpes, ara\u00f1azos y da\u00f1os en la carrocer\u00eda con acabados precisos y duraderos. Pintura Completa y Parcial Pintura integral o parcial del veh\u00edculo utilizando productos de alta calidad y cabinas especializadas. Sustituci\u00f3n de Lunas Cambio de parabrisas y lunas con total seguridad y ajuste perfecto. Restauraci\u00f3n de Faros \u00a0 [&hellip;]","og_url":"https:\/\/carroceriasaraba.com\/eu\/servicios\/","og_site_name":"Carroceria Saraba","article_modified_time":"2026-01-27T17:20:42+00:00","twitter_card":"summary_large_image","twitter_misc":{"Est. reading time":"1 minutua"},"schema":{"@context":"https:\/\/schema.org","@graph":[{"@type":"WebPage","@id":"https:\/\/carroceriasaraba.com\/servicios\/","url":"https:\/\/carroceriasaraba.com\/servicios\/","name":"Servicios - Carroceria Saraba","isPartOf":{"@id":"https:\/\/carroceriasaraba.com\/#website"},"datePublished":"2025-12-31T13:02:00+00:00","dateModified":"2026-01-27T17:20:42+00:00","breadcrumb":{"@id":"https:\/\/carroceriasaraba.com\/servicios\/#breadcrumb"},"inLanguage":"eu","potentialAction":[{"@type":"ReadAction","target":["https:\/\/carroceriasaraba.com\/servicios\/"]}]},{"@type":"BreadcrumbList","@id":"https:\/\/carroceriasaraba.com\/servicios\/#breadcrumb","itemListElement":[{"@type":"ListItem","position":1,"name":"Portada","item":"https:\/\/carroceriasaraba.com\/"},{"@type":"ListItem","position":2,"name":"Servicios"}]},{"@type":"WebSite","@id":"https:\/\/carroceriasaraba.com\/#website","url":"https:\/\/carroceriasaraba.com\/","name":"Carroceria Saraba","description":"","publisher":{"@id":"https:\/\/carroceriasaraba.com\/#organization"},"potentialAction":[{"@type":"SearchAction","target":{"@type":"EntryPoint","urlTemplate":"https:\/\/carroceriasaraba.com\/?s={search_term_string}"},"query-input":{"@type":"PropertyValueSpecification","valueRequired":true,"valueName":"search_term_string"}}],"inLanguage":"eu"},{"@type":"Organization","@id":"https:\/\/carroceriasaraba.com\/#organization","name":"Carroceria Saraba","url":"https:\/\/carroceriasaraba.com\/","logo":{"@type":"ImageObject","inLanguage":"eu","@id":"https:\/\/carroceriasaraba.com\/#\/schema\/logo\/image\/","url":"https:\/\/carroceriasaraba.com\/wp-content\/uploads\/2026\/01\/cropped-aranaquevedoandoitz202511_logo_web.png","contentUrl":"https:\/\/carroceriasaraba.com\/wp-content\/uploads\/2026\/01\/cropped-aranaquevedoandoitz202511_logo_web.png","width":1080,"height":278,"caption":"Carroceria Saraba"},"image":{"@id":"https:\/\/carroceriasaraba.com\/#\/schema\/logo\/image\/"}}]}},"_links":{"self":[{"href":"https:\/\/carroceriasaraba.com\/eu\/wp-json\/wp\/v2\/pages\/12","targetHints":{"allow":["GET"]}}],"collection":[{"href":"https:\/\/carroceriasaraba.com\/eu\/wp-json\/wp\/v2\/pages"}],"about":[{"href":"https:\/\/carroceriasaraba.com\/eu\/wp-json\/wp\/v2\/types\/page"}],"author":[{"embeddable":true,"href":"https:\/\/carroceriasaraba.com\/eu\/wp-json\/wp\/v2\/users\/1"}],"replies":[{"embeddable":true,"href":"https:\/\/carroceriasaraba.com\/eu\/wp-json\/wp\/v2\/comments?post=12"}],"version-history":[{"count":19,"href":"https:\/\/carroceriasaraba.com\/eu\/wp-json\/wp\/v2\/pages\/12\/revisions"}],"predecessor-version":[{"id":196,"href":"https:\/\/carroceriasaraba.com\/eu\/wp-json\/wp\/v2\/pages\/12\/revisions\/196"}],"wp:attachment":[{"href":"https:\/\/carroceriasaraba.com\/eu\/wp-json\/wp\/v2\/media?parent=12"}],"curies":[{"name":"wp","href":"https:\/\/api.w.org\/{rel}","templated":true}]}}